{"id":7825,"date":"2023-11-01T08:57:53","date_gmt":"2023-11-01T07:57:53","guid":{"rendered":"https:\/\/bad-gott.the-web-designer.de\/kur-wellness\/physiotherapien-copy\/"},"modified":"2023-11-01T11:01:04","modified_gmt":"2023-11-01T10:01:04","slug":"salzscheune","status":"publish","type":"page","link":"https:\/\/badgottleuba-berggiesshuebel.de\/en\/kur-wellness\/salzscheune\/","title":{"rendered":"Salt barn"},"content":{"rendered":"<div data-elementor-type=\"wp-page\" data-elementor-id=\"7825\" class=\"elementor elementor-7825\" data-elementor-post-type=\"page\">\n\t\t\t\t<div class=\"elementor-element elementor-element-266ef78 e-con-full e-flex e-con e-parent\" data-id=\"266ef78\" data-element_type=\"container\" data-e-type=\"container\" data-settings=\"{&quot;jet_parallax_layout_list&quot;:[]}\">\n\t\t\t\t<div class=\"elementor-element elementor-element-fe097cc elementor-widget elementor-widget-image\" data-id=\"fe097cc\" data-element_type=\"widget\" data-e-type=\"widget\" data-widget_type=\"image.default\">\n\t\t\t\t<div class=\"elementor-widget-container\">\n\t\t\t\t\t\t\t\t\t\t\t\t\t\t\t<img fetchpriority=\"high\" decoding=\"async\" width=\"1500\" height=\"1000\" src=\"https:\/\/badgottleuba-berggiesshuebel.de\/wp-content\/uploads\/2023\/11\/Saltscheune_Titelfoto.jpg\" class=\"attachment-full size-full wp-image-7829\" alt=\"\" srcset=\"https:\/\/badgottleuba-berggiesshuebel.de\/wp-content\/uploads\/2023\/11\/Saltscheune_Titelfoto.jpg 1500w, https:\/\/badgottleuba-berggiesshuebel.de\/wp-content\/uploads\/2023\/11\/Saltscheune_Titelfoto-300x200.jpg 300w, https:\/\/badgottleuba-berggiesshuebel.de\/wp-content\/uploads\/2023\/11\/Saltscheune_Titelfoto-1024x683.jpg 1024w, https:\/\/badgottleuba-berggiesshuebel.de\/wp-content\/uploads\/2023\/11\/Saltscheune_Titelfoto-768x512.jpg 768w, https:\/\/badgottleuba-berggiesshuebel.de\/wp-content\/uploads\/2023\/11\/Saltscheune_Titelfoto-18x12.jpg 18w\" sizes=\"(max-width: 1500px) 100vw, 1500px\" \/>\t\t\t\t\t\t\t\t\t\t\t\t\t\t\t<\/div>\n\t\t\t\t<\/div>\n\t\t\t\t<\/div>\n\t\t<div class=\"elementor-element elementor-element-1861f4a e-con-full e-flex e-con e-parent\" data-id=\"1861f4a\" data-element_type=\"container\" data-e-type=\"container\" data-settings=\"{&quot;jet_parallax_layout_list&quot;:[]}\">\n\t\t<div class=\"elementor-element elementor-element-2718964 e-con-full e-flex e-con e-child\" data-id=\"2718964\" data-element_type=\"container\" data-e-type=\"container\" data-settings=\"{&quot;jet_parallax_layout_list&quot;:[]}\">\n\t\t<div class=\"elementor-element elementor-element-182b58c e-con-full e-flex e-con e-child\" data-id=\"182b58c\" data-element_type=\"container\" data-e-type=\"container\" data-settings=\"{&quot;jet_parallax_layout_list&quot;:[]}\">\n\t\t\t\t<div class=\"elementor-element elementor-element-6a97023 elementor-widget elementor-widget-heading\" data-id=\"6a97023\" data-element_type=\"widget\" data-e-type=\"widget\" data-widget_type=\"heading.default\">\n\t\t\t\t<div class=\"elementor-widget-container\">\n\t\t\t\t\t<h1 class=\"elementor-heading-title elementor-size-default\">Salt barn <\/h1>\t\t\t\t<\/div>\n\t\t\t\t<\/div>\n\t\t\t\t<\/div>\n\t\t\t\t<\/div>\n\t\t\t\t<\/div>\n\t\t<div class=\"elementor-element elementor-element-9637ec1 e-con-full e-flex e-con e-parent\" data-id=\"9637ec1\" data-element_type=\"container\" data-e-type=\"container\" data-settings=\"{&quot;jet_parallax_layout_list&quot;:[]}\">\n\t\t<div class=\"elementor-element elementor-element-cc35a00 e-con-full e-flex e-con e-child\" data-id=\"cc35a00\" data-element_type=\"container\" data-e-type=\"container\" data-settings=\"{&quot;jet_parallax_layout_list&quot;:[]}\">\n\t\t\t\t<div class=\"elementor-element elementor-element-84d6200 elementor-widget elementor-widget-text-editor\" data-id=\"84d6200\" data-element_type=\"widget\" data-e-type=\"widget\" data-widget_type=\"text-editor.default\">\n\t\t\t\t<div class=\"elementor-widget-container\">\n\t\t\t\t\t\t\t\t\t<div><p>To escape everyday life for a short time, it&#039;s worth heading to the Berggiessh\u00fcbel salt barn. This was opened in 2008 and is lovingly run by the Rehn family.<\/p><p>The salt room consists of 8 to 10 tons of natural salt from Pakistan. The saline humidifies the air in the room. This makes it easier for the respiratory tract, mucous membranes and skin to absorb the good minerals and trace elements. In addition, brine is misted with ultrasound, pleasant light and soothing music caress your soul.<\/p><p>Useful information:<\/p><ul><li>A session lasts 45 minutes and begins on the hour<\/li><li>There is a continuous indoor climate of 22 \u00b0C<\/li><li>Therefore, dress according to your comfort level<\/li><li>A salt play box is available for children<\/li><li>We ask that you do not smoke or wear perfume before your visit<\/li><\/ul><p>Additional offers:<\/p><ul><li>Jade massage table<\/li><li>Magnetic rolling massage<\/li><li>Lying orthosis<\/li><li>Neck massager<\/li><li>Compensation bioenergetic harmonization<\/li><li>Chinese TDP lamp<\/li><li>Singing bowls in the salt room<\/li><\/ul><\/div>\t\t\t\t\t\t\t\t<\/div>\n\t\t\t\t<\/div>\n\t\t\t\t<\/div>\n\t\t<div class=\"elementor-element elementor-element-ba1bbf2 e-con-full e-flex e-con e-child\" data-id=\"ba1bbf2\" data-element_type=\"container\" data-e-type=\"container\" data-settings=\"{&quot;background_background&quot;:&quot;classic&quot;,&quot;jet_parallax_layout_list&quot;:[]}\">\n\t\t\t\t<div class=\"elementor-element elementor-element-3310cf7 elementor-widget elementor-widget-text-editor\" data-id=\"3310cf7\" data-element_type=\"widget\" data-e-type=\"widget\" data-widget_type=\"text-editor.default\">\n\t\t\t\t<div class=\"elementor-widget-container\">\n\t\t\t\t\t\t\t\t\t<p>Oberer Ladenberg 3 b, 01816 Berggiessh\u00fcbel<\/p><p>Phone: <a href=\"https:\/\/www.google.com\/search?client=firefox-b-d&amp;q=salzscheune+berggie%C3%9Fh%C3%BCbel\">035023 52480<\/a><\/p><p>Internet: <a href=\"http:\/\/www.salzscheune.de\">www.salzscheune.de<\/a><\/p>\t\t\t\t\t\t\t\t<\/div>\n\t\t\t\t<\/div>\n\t\t\t\t<div class=\"elementor-element elementor-element-6d0bc82 elementor-widget elementor-widget-image-carousel\" data-id=\"6d0bc82\" data-element_type=\"widget\" data-e-type=\"widget\" data-settings=\"{&quot;slides_to_show&quot;:&quot;1&quot;,&quot;navigation&quot;:&quot;none&quot;,&quot;lazyload&quot;:&quot;yes&quot;,&quot;autoplay&quot;:&quot;yes&quot;,&quot;pause_on_hover&quot;:&quot;yes&quot;,&quot;pause_on_interaction&quot;:&quot;yes&quot;,&quot;autoplay_speed&quot;:5000,&quot;infinite&quot;:&quot;yes&quot;,&quot;effect&quot;:&quot;slide&quot;,&quot;speed&quot;:500}\" data-widget_type=\"image-carousel.default\">\n\t\t\t\t<div class=\"elementor-widget-container\">\n\t\t\t\t\t\t\t<div class=\"elementor-image-carousel-wrapper swiper\" role=\"region\" aria-roledescription=\"carousel\" aria-label=\"Image Carousel\" dir=\"ltr\">\n\t\t\t<div class=\"elementor-image-carousel swiper-wrapper\" aria-live=\"off\">\n\t\t\t\t\t\t\t\t<div class=\"swiper-slide\" role=\"group\" aria-roledescription=\"slide\" aria-label=\"1 of 5\" data-no-translation-aria-label=\"\"><figure class=\"swiper-slide-inner\"><img class=\"swiper-slide-image swiper-lazy\" data-src=\"https:\/\/badgottleuba-berggiesshuebel.de\/wp-content\/uploads\/2023\/11\/Salzscheune--scaled.jpg\" alt=\"Salzscheune\" \/><div class=\"swiper-lazy-preloader\"><\/div><\/figure><\/div><div class=\"swiper-slide\" role=\"group\" aria-roledescription=\"slide\" aria-label=\"2 of 5\" data-no-translation-aria-label=\"\"><figure class=\"swiper-slide-inner\"><img class=\"swiper-slide-image swiper-lazy\" data-src=\"https:\/\/badgottleuba-berggiesshuebel.de\/wp-content\/uploads\/2023\/11\/Salzscheune4-Andrea-Flak.jpg\" alt=\"Der Salzraum besteht aus 8 bis 10 Tonnen Natursalz aus Pakistan. Die Saline befeuchtet die Raumluft.  Dadurch ist es f\u00fcr die Atemwege, Schleimh\u00e4ute und die Haut leichter die guten Mineralien und Spurenelemente aufzunehmen. Au\u00dferdem wird Sole ultraschallvernebelt, angenehmes Licht und beruhigende Musik streichelt Ihre Seele.Salzscheune Berggie\u00dfh\u00fcbelAnja RehnOberer Ladenberg 3b\" \/><div class=\"swiper-lazy-preloader\"><\/div><\/figure><\/div><div class=\"swiper-slide\" role=\"group\" aria-roledescription=\"slide\" aria-label=\"3 of 5\" data-no-translation-aria-label=\"\"><figure class=\"swiper-slide-inner\"><img class=\"swiper-slide-image swiper-lazy\" data-src=\"https:\/\/badgottleuba-berggiesshuebel.de\/wp-content\/uploads\/2023\/11\/P1020375-scaled.jpg\" alt=\"P1020375\" \/><div class=\"swiper-lazy-preloader\"><\/div><\/figure><\/div><div class=\"swiper-slide\" role=\"group\" aria-roledescription=\"slide\" aria-label=\"4 of 5\" data-no-translation-aria-label=\"\"><figure class=\"swiper-slide-inner\"><img class=\"swiper-slide-image swiper-lazy\" data-src=\"https:\/\/badgottleuba-berggiesshuebel.de\/wp-content\/uploads\/2023\/11\/DSC_0455.jpg\" alt=\"DSC_0455\" \/><div class=\"swiper-lazy-preloader\"><\/div><\/figure><\/div><div class=\"swiper-slide\" role=\"group\" aria-roledescription=\"slide\" aria-label=\"5 of 5\" data-no-translation-aria-label=\"\"><figure class=\"swiper-slide-inner\"><img class=\"swiper-slide-image swiper-lazy\" data-src=\"https:\/\/badgottleuba-berggiesshuebel.de\/wp-content\/uploads\/2023\/11\/sk1103a.jpg\" alt=\"sk1103a\" \/><div class=\"swiper-lazy-preloader\"><\/div><\/figure><\/div>\t\t\t<\/div>\n\t\t\t\t\t\t\t\n\t\t\t\t\t\t\t\t\t<\/div>\n\t\t\t\t\t\t<\/div>\n\t\t\t\t<\/div>\n\t\t\t\t<\/div>\n\t\t\t\t<\/div>\n\t\t\t\t<\/div>","protected":false},"excerpt":{"rendered":"<p>Salzscheune Um den Alltag f\u00fcr kurze Zeit zu entfliehen, lohnt sich der Weg in die Salzscheune Berggie\u00dfh\u00fcbel. Diese wurde 2008 er\u00f6ffnet und wird von Familie Rehn liebevoll gef\u00fchrt. Der Salzraum besteht aus 8 bis 10 Tonnen Natursalz aus Pakistan. Die Saline befeuchtet die Raumluft.\u00a0 Dadurch ist es f\u00fcr die Atemwege, Schleimh\u00e4ute und die Haut leichter [&hellip;]<\/p>\n","protected":false},"author":1,"featured_media":0,"parent":7571,"menu_order":0,"comment_status":"closed","ping_status":"closed","template":"","meta":{"inline_featured_image":false,"footnotes":""},"class_list":["post-7825","page","type-page","status-publish","hentry"],"_links":{"self":[{"href":"https:\/\/badgottleuba-berggiesshuebel.de\/en\/wp-json\/wp\/v2\/pages\/7825","targetHints":{"allow":["GET"]}}],"collection":[{"href":"https:\/\/badgottleuba-berggiesshuebel.de\/en\/wp-json\/wp\/v2\/pages"}],"about":[{"href":"https:\/\/badgottleuba-berggiesshuebel.de\/en\/wp-json\/wp\/v2\/types\/page"}],"author":[{"embeddable":true,"href":"https:\/\/badgottleuba-berggiesshuebel.de\/en\/wp-json\/wp\/v2\/users\/1"}],"replies":[{"embeddable":true,"href":"https:\/\/badgottleuba-berggiesshuebel.de\/en\/wp-json\/wp\/v2\/comments?post=7825"}],"version-history":[{"count":34,"href":"https:\/\/badgottleuba-berggiesshuebel.de\/en\/wp-json\/wp\/v2\/pages\/7825\/revisions"}],"predecessor-version":[{"id":8084,"href":"https:\/\/badgottleuba-berggiesshuebel.de\/en\/wp-json\/wp\/v2\/pages\/7825\/revisions\/8084"}],"up":[{"embeddable":true,"href":"https:\/\/badgottleuba-berggiesshuebel.de\/en\/wp-json\/wp\/v2\/pages\/7571"}],"wp:attachment":[{"href":"https:\/\/badgottleuba-berggiesshuebel.de\/en\/wp-json\/wp\/v2\/media?parent=7825"}],"curies":[{"name":"wp","href":"https:\/\/api.w.org\/{rel}","templated":true}]}}