{"id":7766,"date":"2023-11-01T07:52:33","date_gmt":"2023-11-01T06:52:33","guid":{"rendered":"https:\/\/bad-gott.the-web-designer.de\/kur-wellness-copy\/"},"modified":"2024-05-22T12:13:42","modified_gmt":"2024-05-22T10:13:42","slug":"genuss","status":"publish","type":"page","link":"https:\/\/badgottleuba-berggiesshuebel.de\/en\/genuss\/","title":{"rendered":"Restaurants"},"content":{"rendered":"<div data-elementor-type=\"wp-page\" data-elementor-id=\"7766\" class=\"elementor elementor-7766\" data-elementor-post-type=\"page\">\n\t\t\t\t<div class=\"elementor-element elementor-element-266ef78 e-con-full e-flex e-con e-parent\" data-id=\"266ef78\" data-element_type=\"container\" data-e-type=\"container\" data-settings=\"{&quot;jet_parallax_layout_list&quot;:[]}\">\n\t\t\t\t<div class=\"elementor-element elementor-element-fe097cc elementor-widget elementor-widget-image\" data-id=\"fe097cc\" data-element_type=\"widget\" data-e-type=\"widget\" data-widget_type=\"image.default\">\n\t\t\t\t<div class=\"elementor-widget-container\">\n\t\t\t\t\t\t\t\t\t\t\t\t\t\t\t<img fetchpriority=\"high\" decoding=\"async\" width=\"2546\" height=\"1300\" src=\"https:\/\/badgottleuba-berggiesshuebel.de\/wp-content\/uploads\/2023\/11\/Gastronomie.webp\" class=\"attachment-full size-full wp-image-8210\" alt=\"\" srcset=\"https:\/\/badgottleuba-berggiesshuebel.de\/wp-content\/uploads\/2023\/11\/Gastronomie.webp 2546w, https:\/\/badgottleuba-berggiesshuebel.de\/wp-content\/uploads\/2023\/11\/Gastronomie-300x153.webp 300w, https:\/\/badgottleuba-berggiesshuebel.de\/wp-content\/uploads\/2023\/11\/Gastronomie-1024x523.webp 1024w, https:\/\/badgottleuba-berggiesshuebel.de\/wp-content\/uploads\/2023\/11\/Gastronomie-768x392.webp 768w, https:\/\/badgottleuba-berggiesshuebel.de\/wp-content\/uploads\/2023\/11\/Gastronomie-1536x784.webp 1536w, https:\/\/badgottleuba-berggiesshuebel.de\/wp-content\/uploads\/2023\/11\/Gastronomie-2048x1046.webp 2048w, https:\/\/badgottleuba-berggiesshuebel.de\/wp-content\/uploads\/2023\/11\/Gastronomie-18x9.webp 18w\" sizes=\"(max-width: 2546px) 100vw, 2546px\" \/>\t\t\t\t\t\t\t\t\t\t\t\t\t\t\t<\/div>\n\t\t\t\t<\/div>\n\t\t\t\t<\/div>\n\t\t<div class=\"elementor-element elementor-element-1861f4a e-con-full e-flex e-con e-parent\" data-id=\"1861f4a\" data-element_type=\"container\" data-e-type=\"container\" data-settings=\"{&quot;jet_parallax_layout_list&quot;:[]}\">\n\t\t<div class=\"elementor-element elementor-element-2718964 e-con-full e-flex e-con e-child\" data-id=\"2718964\" data-element_type=\"container\" data-e-type=\"container\" data-settings=\"{&quot;jet_parallax_layout_list&quot;:[]}\">\n\t\t<div class=\"elementor-element elementor-element-182b58c e-con-full e-flex e-con e-child\" data-id=\"182b58c\" data-element_type=\"container\" data-e-type=\"container\" data-settings=\"{&quot;jet_parallax_layout_list&quot;:[]}\">\n\t\t\t\t<div class=\"elementor-element elementor-element-6a97023 elementor-widget elementor-widget-heading\" data-id=\"6a97023\" data-element_type=\"widget\" data-e-type=\"widget\" data-widget_type=\"heading.default\">\n\t\t\t\t<div class=\"elementor-widget-container\">\n\t\t\t\t\t<h1 class=\"elementor-heading-title elementor-size-default\">enjoyment<\/h1>\t\t\t\t<\/div>\n\t\t\t\t<\/div>\n\t\t\t\t<div class=\"elementor-element elementor-element-16f9515 elementor-widget__width-inherit elementor-widget elementor-widget-text-editor\" data-id=\"16f9515\" data-element_type=\"widget\" data-e-type=\"widget\" data-widget_type=\"text-editor.default\">\n\t\t\t\t<div class=\"elementor-widget-container\">\n\t\t\t\t\t\t\t\t\t<p>In our spa town of Bad Gottleuba-Berggiessh\u00fcbel, our restaurateurs look forward to your visit.<\/p><p>Hotel &amp; Restaurant \u201cS\u00e4chsisches Haus\u201d \u2022 Berggiessh\u00fcbel<\/p><p>Sebastian-Kneipp-Stra\u00dfe 11, 01816 Berggiessh\u00fcbel, telephone: 035023 599810 or 0162 5246764<\/p><p><a href=\"https:\/\/www.s\u00e4chsisches-haus.de\">www.s\u00e4chsisches-haus.de<\/a><\/p><hr \/><p>Snack bar \u2013 R\u00e4tze butcher shop \u2022 Berggiessh\u00fcbel<\/p><p>Talstra\u00dfe 1, 01816 Berggiessh\u00fcbel, telephone: 035023 60840<\/p><p>Changing dishes at lunchtime from the butcher R\u00e4tze from Bad Gottleuba.<\/p><p><a>www.fleischerei-raetze.de <\/a><\/p><hr \/><p>Billy&#039;s Badgastst\u00e4tte at the outdoor pool<\/p><p>Am Oberhammer 1, 01816 Berggiessh\u00fcbel, telephone: 03501 5711031<\/p><p><a href=\"http:\/\/www.sunshinebowling.de\">www.sunshinebowling.de<\/a><\/p><hr \/><p>\u201cGreen Forest\u201d inn \u2022 Berggiessh\u00fcbel<\/p><p>Ladenberg 13, 01816 Berggiessh\u00fcbel, telephone: 035023 60186<\/p><p>Family-run traditional house \u2013 good cuisine with seasonal offerings. Inviting guest room, covered sun terrace, vaulted cellar for celebrations.<\/p><p><a href=\"http:\/\/www.gasthof-gruenerwald.de\/\">www.gasthof-gruenerwald.de<\/a><\/p><hr \/><p>Caf\u00e9 &amp; Pizza M\u00fcller \u2022 Berggiessh\u00fcbel<\/p><p>Sebastian-Kneipp-Str. 8, 01816 Berggiessh\u00fcbel, telephone: 035023 60249<\/p><p>Pizza can be picked up every Friday and Saturday from 5 p.m. after ordering by phone.<\/p><p><a href=\"https:\/\/badgottleuba-berggiesshuebel.de\/en\/images\/Pizzakarte_NEU_14.04._Cafe_M\u00fcller_kopie.pdf\/\">Menu\/Contact<\/a><\/p><hr \/><p>Market and refreshment stop \u201cBruno Haensel\u201d<\/p><p>Am Poetenweg 4-5, 01816 Berggiessh\u00fcbel, telephone: 0160 8875260<\/p><p>Beer garden with snacks<\/p><p><a href=\"http:\/\/www.bruno-haensel.club\">www.bruno-haensel.club <\/a><\/p><hr \/><article><div><div><div><div><p>Berghotel Augustusberg \u2022 Bad Gottleuba<\/p><p>Augustusberg 15, 01816 Bad Gottleuba, telephone: 035023 62504<\/p><p>Traditional excursion destination in the region with a panoramic restaurant and viewing terrace. Cultivated hospitality with gastronomic experiences at the highest level.<\/p><p><a href=\"http:\/\/www.augustusberg.de\">www.augustusberg.de<\/a><\/p><hr \/><p>Gasthof Hillig \u2022 Bad Gottleuba<\/p><p>Markt 13, 01816 Bad Gottleuba, telephone: 035023 62257<\/p><p><a href=\"http:\/\/www.gasthof-hillig.de\">www.gasthof-hillig.de<\/a><\/p><hr \/><p>Restaurant and guesthouse \u201cAm Goethepark\u201d \u2022 Bad Gottleuba<\/p><p>Badstra\u00dfe 17, 01816 Bad Gottleuba, telephone: 035023 69295<\/p><p>Quiet, stylish villa in a quiet outskirts location right next to the spa gardens. Guest room with 40 seats, as well as a club room and beer garden with a large grill. Home-style Saxon cuisine.<\/p><p><a href=\"http:\/\/www.amgoethepark.de\">www.amgoethepark.de<\/a><\/p><hr \/><p>Butcher shop &amp; snack bar R\u00e4tze \u2022 Bad Gottleuba<\/p><p>K\u00f6nigstra\u00dfe 21, 01816 Bad Gottleuba, telephone: 035023 62340<\/p><p>Talstra\u00dfe 1, 01816 Berggiessh\u00fcbel, telephone: 035023 60840<\/p><p><a href=\"http:\/\/www.fleischerei-raetze.de\">www.fleischerei-raetze.de<\/a><\/p><hr \/><p>Caf\u00e9 &amp; Pastry Shop Sch\u00f6nbach \u2022 Bad Gottleuba<\/p><p>Markt 15, 01816 Bad Gottleuba, telephone: 035023 62335<\/p><p>All cakes and baked goods can also be bought to take away at the counter.<\/p><p><a href=\"https:\/\/cafe-schoenbach.de\/\">www.cafe-schoenbach.de<\/a><\/p><\/div><\/div><\/div><\/div><\/article>\t\t\t\t\t\t\t\t<\/div>\n\t\t\t\t<\/div>\n\t\t\t\t<\/div>\n\t\t\t\t<\/div>\n\t\t\t\t<\/div>\n\t\t\t\t<\/div>","protected":false},"excerpt":{"rendered":"<p>Genuss In unserem Kurort Bad Gottleuba-Berggie\u00dfh\u00fcbel freuen sich unsere Gastronomen auf Ihren Besuch. Hotel &amp; Restaurant \u201eS\u00e4chsisches Haus&#8220;\u00a0 \u2022 Berggie\u00dfh\u00fcbel Sebastian-Kneipp-Stra\u00dfe 11, 01816 Berggie\u00dfh\u00fcbel, Telefon: 035023 599810 oder 0162 5246764 www.s\u00e4chsisches-haus.de Imbiss &#8211; Fleischerei R\u00e4tze \u2022 Berggie\u00dfh\u00fcbel Talstra\u00dfe 1, 01816 Berggie\u00dfh\u00fcbel, Telefon: 035023 60840 Wechselnde Gerichte zur Mittagszeit vom Fleischer R\u00e4tze aus Bad Gottleuba. www.fleischerei-raetze.de [&hellip;]<\/p>\n","protected":false},"author":1,"featured_media":0,"parent":0,"menu_order":0,"comment_status":"closed","ping_status":"closed","template":"elementor_header_footer","meta":{"inline_featured_image":false,"footnotes":""},"class_list":["post-7766","page","type-page","status-publish","hentry"],"_links":{"self":[{"href":"https:\/\/badgottleuba-berggiesshuebel.de\/en\/wp-json\/wp\/v2\/pages\/7766","targetHints":{"allow":["GET"]}}],"collection":[{"href":"https:\/\/badgottleuba-berggiesshuebel.de\/en\/wp-json\/wp\/v2\/pages"}],"about":[{"href":"https:\/\/badgottleuba-berggiesshuebel.de\/en\/wp-json\/wp\/v2\/types\/page"}],"author":[{"embeddable":true,"href":"https:\/\/badgottleuba-berggiesshuebel.de\/en\/wp-json\/wp\/v2\/users\/1"}],"replies":[{"embeddable":true,"href":"https:\/\/badgottleuba-berggiesshuebel.de\/en\/wp-json\/wp\/v2\/comments?post=7766"}],"version-history":[{"count":27,"href":"https:\/\/badgottleuba-berggiesshuebel.de\/en\/wp-json\/wp\/v2\/pages\/7766\/revisions"}],"predecessor-version":[{"id":8754,"href":"https:\/\/badgottleuba-berggiesshuebel.de\/en\/wp-json\/wp\/v2\/pages\/7766\/revisions\/8754"}],"wp:attachment":[{"href":"https:\/\/badgottleuba-berggiesshuebel.de\/en\/wp-json\/wp\/v2\/media?parent=7766"}],"curies":[{"name":"wp","href":"https:\/\/api.w.org\/{rel}","templated":true}]}}