{"id":7731,"date":"2023-10-30T16:56:33","date_gmt":"2023-10-30T15:56:33","guid":{"rendered":"https:\/\/bad-gott.the-web-designer.de\/erlebnisse\/wintererlebnisse-copy\/"},"modified":"2025-12-10T11:44:27","modified_gmt":"2025-12-10T10:44:27","slug":"kurkliniken","status":"publish","type":"page","link":"https:\/\/badgottleuba-berggiesshuebel.de\/en\/kur-wellness\/kurkliniken\/","title":{"rendered":"Spa clinics"},"content":{"rendered":"<div data-elementor-type=\"wp-page\" data-elementor-id=\"7731\" class=\"elementor elementor-7731\" data-elementor-post-type=\"page\">\n\t\t\t\t<div class=\"elementor-element elementor-element-266ef78 e-con-full e-flex e-con e-parent\" data-id=\"266ef78\" data-element_type=\"container\" data-e-type=\"container\" data-settings=\"{&quot;jet_parallax_layout_list&quot;:[]}\">\n\t\t\t\t<div class=\"elementor-element elementor-element-fe097cc elementor-widget elementor-widget-image\" data-id=\"fe097cc\" data-element_type=\"widget\" data-e-type=\"widget\" data-widget_type=\"image.default\">\n\t\t\t\t<div class=\"elementor-widget-container\">\n\t\t\t\t\t\t\t\t\t\t\t\t\t\t\t<img fetchpriority=\"high\" decoding=\"async\" width=\"2560\" height=\"1318\" src=\"https:\/\/badgottleuba-berggiesshuebel.de\/wp-content\/uploads\/2023\/10\/Titelfoto-Kur-Wellness-scaled.jpg\" class=\"attachment-full size-full wp-image-7736\" alt=\"\" srcset=\"https:\/\/badgottleuba-berggiesshuebel.de\/wp-content\/uploads\/2023\/10\/Titelfoto-Kur-Wellness-scaled.jpg 2560w, https:\/\/badgottleuba-berggiesshuebel.de\/wp-content\/uploads\/2023\/10\/Titelfoto-Kur-Wellness-300x154.jpg 300w, https:\/\/badgottleuba-berggiesshuebel.de\/wp-content\/uploads\/2023\/10\/Titelfoto-Kur-Wellness-1024x527.jpg 1024w, https:\/\/badgottleuba-berggiesshuebel.de\/wp-content\/uploads\/2023\/10\/Titelfoto-Kur-Wellness-768x395.jpg 768w, https:\/\/badgottleuba-berggiesshuebel.de\/wp-content\/uploads\/2023\/10\/Titelfoto-Kur-Wellness-1536x791.jpg 1536w, https:\/\/badgottleuba-berggiesshuebel.de\/wp-content\/uploads\/2023\/10\/Titelfoto-Kur-Wellness-2048x1054.jpg 2048w, https:\/\/badgottleuba-berggiesshuebel.de\/wp-content\/uploads\/2023\/10\/Titelfoto-Kur-Wellness-18x9.jpg 18w\" sizes=\"(max-width: 2560px) 100vw, 2560px\" \/>\t\t\t\t\t\t\t\t\t\t\t\t\t\t\t<\/div>\n\t\t\t\t<\/div>\n\t\t\t\t<\/div>\n\t\t<div class=\"elementor-element elementor-element-a26f5ea e-con-full e-flex e-con e-parent\" data-id=\"a26f5ea\" data-element_type=\"container\" data-e-type=\"container\" data-settings=\"{&quot;jet_parallax_layout_list&quot;:[]}\">\n\t\t<div class=\"elementor-element elementor-element-55a3ce1 e-con-full e-flex e-con e-child\" data-id=\"55a3ce1\" data-element_type=\"container\" data-e-type=\"container\" data-settings=\"{&quot;jet_parallax_layout_list&quot;:[]}\">\n\t\t\t\t<div class=\"elementor-element elementor-element-dd77018 elementor-widget elementor-widget-image\" data-id=\"dd77018\" data-element_type=\"widget\" data-e-type=\"widget\" data-widget_type=\"image.default\">\n\t\t\t\t<div class=\"elementor-widget-container\">\n\t\t\t\t\t\t\t\t\t\t\t\t\t\t\t<img decoding=\"async\" width=\"800\" height=\"600\" src=\"https:\/\/badgottleuba-berggiesshuebel.de\/wp-content\/uploads\/2023\/10\/Median-Klinik_Berggiesshuebel-039-1024x768.jpg\" class=\"attachment-large size-large wp-image-7737\" alt=\"\" srcset=\"https:\/\/badgottleuba-berggiesshuebel.de\/wp-content\/uploads\/2023\/10\/Median-Klinik_Berggiesshuebel-039-1024x768.jpg 1024w, https:\/\/badgottleuba-berggiesshuebel.de\/wp-content\/uploads\/2023\/10\/Median-Klinik_Berggiesshuebel-039-300x225.jpg 300w, https:\/\/badgottleuba-berggiesshuebel.de\/wp-content\/uploads\/2023\/10\/Median-Klinik_Berggiesshuebel-039-768x576.jpg 768w, https:\/\/badgottleuba-berggiesshuebel.de\/wp-content\/uploads\/2023\/10\/Median-Klinik_Berggiesshuebel-039-1536x1152.jpg 1536w, https:\/\/badgottleuba-berggiesshuebel.de\/wp-content\/uploads\/2023\/10\/Median-Klinik_Berggiesshuebel-039-2048x1536.jpg 2048w, https:\/\/badgottleuba-berggiesshuebel.de\/wp-content\/uploads\/2023\/10\/Median-Klinik_Berggiesshuebel-039-16x12.jpg 16w\" sizes=\"(max-width: 800px) 100vw, 800px\" \/>\t\t\t\t\t\t\t\t\t\t\t\t\t\t\t<\/div>\n\t\t\t\t<\/div>\n\t\t\t\t<\/div>\n\t\t<div class=\"elementor-element elementor-element-cd03506 e-con-full e-flex e-con e-child\" data-id=\"cd03506\" data-element_type=\"container\" data-e-type=\"container\" data-settings=\"{&quot;jet_parallax_layout_list&quot;:[]}\">\n\t\t\t\t<div class=\"elementor-element elementor-element-7252866 elementor-widget elementor-widget-heading\" data-id=\"7252866\" data-element_type=\"widget\" data-e-type=\"widget\" data-widget_type=\"heading.default\">\n\t\t\t\t<div class=\"elementor-widget-container\">\n\t\t\t\t\t<h1 class=\"elementor-heading-title elementor-size-default\">MEDIAN clinic in the Kneipp health resort Berggiessh\u00fcbel\n<\/h1>\t\t\t\t<\/div>\n\t\t\t\t<\/div>\n\t\t\t\t<div class=\"elementor-element elementor-element-9eed023 elementor-widget elementor-widget-text-editor\" data-id=\"9eed023\" data-element_type=\"widget\" data-e-type=\"widget\" data-widget_type=\"text-editor.default\">\n\t\t\t\t<div class=\"elementor-widget-container\">\n\t\t\t\t\t\t\t\t\t<p>The health resort is situated in a quiet, outlying location within the traditional spa town. With the construction of a new clinic in 1993, a modern and highly competent rehabilitation clinic for orthopedics and psychosomatic medicine was created, offering a capacity of 200 beds.<\/p><p>We also offer spa treatments in our two clinics in Bad Gottleuba-Berggiessh\u00fcbel<br \/>Health holidays for private patients or self-payers.<br \/>If you are interested in staying with us, please contact us. We have attractive offers available and would be happy to advise you!<br \/>All offers include overnight accommodation, full board and a medical examination<br \/>and treatments as prescribed by a doctor.<\/p>\t\t\t\t\t\t\t\t<\/div>\n\t\t\t\t<\/div>\n\t\t\t\t<div class=\"elementor-element elementor-element-fdefd49 elementor-widget elementor-widget-button\" data-id=\"fdefd49\" data-element_type=\"widget\" data-e-type=\"widget\" data-widget_type=\"button.default\">\n\t\t\t\t<div class=\"elementor-widget-container\">\n\t\t\t\t\t\t\t\t\t<div class=\"elementor-button-wrapper\">\n\t\t\t\t\t<a class=\"elementor-button elementor-button-link elementor-size-sm\" href=\"https:\/\/www.median-kliniken.de\/de\/median-klinik-berggiesshuebel\/ueber-uns\/\" target=\"_blank\" rel=\"nofollow\">\n\t\t\t\t\t\t<span class=\"elementor-button-content-wrapper\">\n\t\t\t\t\t\t<span class=\"elementor-button-icon\">\n\t\t\t\t<i aria-hidden=\"true\" class=\"fas fa-external-link-alt\"><\/i>\t\t\t<\/span>\n\t\t\t\t\t\t\t\t\t<span class=\"elementor-button-text\">median-kliniken.de<\/span>\n\t\t\t\t\t<\/span>\n\t\t\t\t\t<\/a>\n\t\t\t\t<\/div>\n\t\t\t\t\t\t\t\t<\/div>\n\t\t\t\t<\/div>\n\t\t\t\t<\/div>\n\t\t\t\t<\/div>\n\t\t<div class=\"elementor-element elementor-element-e2ab23d e-con-full e-flex e-con e-parent\" data-id=\"e2ab23d\" data-element_type=\"container\" data-e-type=\"container\" data-settings=\"{&quot;jet_parallax_layout_list&quot;:[]}\">\n\t\t<div class=\"elementor-element elementor-element-485c40b e-con-full e-flex e-con e-child\" data-id=\"485c40b\" data-element_type=\"container\" data-e-type=\"container\" data-settings=\"{&quot;jet_parallax_layout_list&quot;:[]}\">\n\t\t<div class=\"elementor-element elementor-element-4b7a3a8 e-con-full e-flex e-con e-child\" data-id=\"4b7a3a8\" data-element_type=\"container\" data-e-type=\"container\" data-settings=\"{&quot;jet_parallax_layout_list&quot;:[]}\">\n\t\t\t\t<div class=\"elementor-element elementor-element-76773d7 elementor-widget elementor-widget-heading\" data-id=\"76773d7\" data-element_type=\"widget\" data-e-type=\"widget\" data-widget_type=\"heading.default\">\n\t\t\t\t<div class=\"elementor-widget-container\">\n\t\t\t\t\t<h1 class=\"elementor-heading-title elementor-size-default\">MEDIAN Clinic in the Bad Gottleuba mud spa<\/h1>\t\t\t\t<\/div>\n\t\t\t\t<\/div>\n\t\t\t\t<div class=\"elementor-element elementor-element-b25f6a9 elementor-widget elementor-widget-text-editor\" data-id=\"b25f6a9\" data-element_type=\"widget\" data-e-type=\"widget\" data-widget_type=\"text-editor.default\">\n\t\t\t\t<div class=\"elementor-widget-container\">\n\t\t\t\t\t\t\t\t\t<p>The MEDIAN Rehabilitation Clinic Bad Gottleuba is one of the most traditional rehabilitation clinics in Germany.<\/p><p>It is located in a picturesque setting between Saxon Switzerland and the Eastern Ore Mountains and offers ideal conditions for your recovery and rehabilitation.<\/p><p>With over 30 Art Nouveau buildings on a 28-hectare park, the clinic offers a unique atmosphere. Since its opening in 1913, the clinic has had a successful history as a healthcare facility. In the late 1990s it was modernized and converted into new clinical complexes to provide accommodation, meals, examinations and treatment under one roof.<\/p>\t\t\t\t\t\t\t\t<\/div>\n\t\t\t\t<\/div>\n\t\t\t\t<div class=\"elementor-element elementor-element-e71d988 elementor-widget elementor-widget-button\" data-id=\"e71d988\" data-element_type=\"widget\" data-e-type=\"widget\" data-widget_type=\"button.default\">\n\t\t\t\t<div class=\"elementor-widget-container\">\n\t\t\t\t\t\t\t\t\t<div class=\"elementor-button-wrapper\">\n\t\t\t\t\t<a class=\"elementor-button elementor-button-link elementor-size-sm\" href=\"https:\/\/www.median-kliniken.de\/de\/median-klinik-bad-gottleuba\/\" target=\"_blank\" rel=\"nofollow\">\n\t\t\t\t\t\t<span class=\"elementor-button-content-wrapper\">\n\t\t\t\t\t\t<span class=\"elementor-button-icon\">\n\t\t\t\t<i aria-hidden=\"true\" class=\"fas fa-external-link-alt\"><\/i>\t\t\t<\/span>\n\t\t\t\t\t\t\t\t\t<span class=\"elementor-button-text\">median-kliniken.de<\/span>\n\t\t\t\t\t<\/span>\n\t\t\t\t\t<\/a>\n\t\t\t\t<\/div>\n\t\t\t\t\t\t\t\t<\/div>\n\t\t\t\t<\/div>\n\t\t\t\t<\/div>\n\t\t<div class=\"elementor-element elementor-element-fa1a7ab e-con-full e-flex e-con e-child\" data-id=\"fa1a7ab\" data-element_type=\"container\" data-e-type=\"container\" data-settings=\"{&quot;jet_parallax_layout_list&quot;:[]}\">\n\t\t\t\t<div class=\"elementor-element elementor-element-8d5093a elementor-widget elementor-widget-image\" data-id=\"8d5093a\" data-element_type=\"widget\" data-e-type=\"widget\" data-widget_type=\"image.default\">\n\t\t\t\t<div class=\"elementor-widget-container\">\n\t\t\t\t\t\t\t\t\t\t\t\t\t\t\t<img decoding=\"async\" width=\"800\" height=\"412\" src=\"https:\/\/badgottleuba-berggiesshuebel.de\/wp-content\/uploads\/2023\/10\/Titelfoto-Kur-Wellness-1024x527.jpg\" class=\"attachment-large size-large wp-image-7736\" alt=\"\" srcset=\"https:\/\/badgottleuba-berggiesshuebel.de\/wp-content\/uploads\/2023\/10\/Titelfoto-Kur-Wellness-1024x527.jpg 1024w, https:\/\/badgottleuba-berggiesshuebel.de\/wp-content\/uploads\/2023\/10\/Titelfoto-Kur-Wellness-300x154.jpg 300w, https:\/\/badgottleuba-berggiesshuebel.de\/wp-content\/uploads\/2023\/10\/Titelfoto-Kur-Wellness-768x395.jpg 768w, https:\/\/badgottleuba-berggiesshuebel.de\/wp-content\/uploads\/2023\/10\/Titelfoto-Kur-Wellness-1536x791.jpg 1536w, https:\/\/badgottleuba-berggiesshuebel.de\/wp-content\/uploads\/2023\/10\/Titelfoto-Kur-Wellness-2048x1054.jpg 2048w, https:\/\/badgottleuba-berggiesshuebel.de\/wp-content\/uploads\/2023\/10\/Titelfoto-Kur-Wellness-18x9.jpg 18w\" sizes=\"(max-width: 800px) 100vw, 800px\" \/>\t\t\t\t\t\t\t\t\t\t\t\t\t\t\t<\/div>\n\t\t\t\t<\/div>\n\t\t\t\t<\/div>\n\t\t\t\t<\/div>\n\t\t\t\t<\/div>\n\t\t<div class=\"elementor-element elementor-element-5e1509a e-con-full e-flex e-con e-parent\" data-id=\"5e1509a\" data-element_type=\"container\" data-e-type=\"container\" data-settings=\"{&quot;jet_parallax_layout_list&quot;:[]}\">\n\t\t<div class=\"elementor-element elementor-element-6344aec e-con-full e-flex e-con e-child\" data-id=\"6344aec\" data-element_type=\"container\" data-e-type=\"container\" data-settings=\"{&quot;jet_parallax_layout_list&quot;:[]}\">\n\t\t<div class=\"elementor-element elementor-element-e6d3c77 e-con-full e-flex e-con e-child\" data-id=\"e6d3c77\" data-element_type=\"container\" data-e-type=\"container\" data-settings=\"{&quot;jet_parallax_layout_list&quot;:[]}\">\n\t\t<div class=\"elementor-element elementor-element-cf3aec2 e-con-full e-flex e-con e-child\" data-id=\"cf3aec2\" data-element_type=\"container\" data-e-type=\"container\" data-settings=\"{&quot;jet_parallax_layout_list&quot;:[]}\">\n\t\t\t\t<div class=\"elementor-element elementor-element-831905c elementor-widget elementor-widget-heading\" data-id=\"831905c\" data-element_type=\"widget\" data-e-type=\"widget\" data-widget_type=\"heading.default\">\n\t\t\t\t<div class=\"elementor-widget-container\">\n\t\t\t\t\t<h1 class=\"elementor-heading-title elementor-size-default\">Story<\/h1>\t\t\t\t<\/div>\n\t\t\t\t<\/div>\n\t\t\t\t<div class=\"elementor-element elementor-element-3f4ee30 elementor-widget elementor-widget-n-accordion\" data-id=\"3f4ee30\" data-element_type=\"widget\" data-e-type=\"widget\" data-settings=\"{&quot;default_state&quot;:&quot;expanded&quot;,&quot;max_items_expended&quot;:&quot;one&quot;,&quot;n_accordion_animation_duration&quot;:{&quot;unit&quot;:&quot;ms&quot;,&quot;size&quot;:400,&quot;sizes&quot;:[]}}\" data-widget_type=\"nested-accordion.default\">\n\t\t\t\t<div class=\"elementor-widget-container\">\n\t\t\t\t\t\t\t<div class=\"e-n-accordion\" aria-label=\"Accordion. Open links with Enter or Space, close with Escape, and navigate with Arrow Keys\">\n\t\t\t\t\t\t<details id=\"e-n-accordion-item-6630\" class=\"e-n-accordion-item\" open>\n\t\t\t\t<summary class=\"e-n-accordion-item-title\" data-accordion-index=\"1\" tabindex=\"0\" aria-expanded=\"true\" aria-controls=\"e-n-accordion-item-6630\" >\n\t\t\t\t\t<span class='e-n-accordion-item-title-header'><div class=\"e-n-accordion-item-title-text\"> History of the Kneipp health resort Berggiessh\u00fcbel <\/div><\/span>\n\t\t\t\t\t\t\t<span class='e-n-accordion-item-title-icon'>\n\t\t\t<span class='e-opened' ><i aria-hidden=\"true\" class=\"fas fa-minus\"><\/i><\/span>\n\t\t\t<span class='e-closed'><i aria-hidden=\"true\" class=\"fas fa-plus\"><\/i><\/span>\n\t\t<\/span>\n\n\t\t\t\t\t\t<\/summary>\n\t\t\t\t<div role=\"region\" aria-labelledby=\"e-n-accordion-item-6630\" class=\"elementor-element elementor-element-2ceadd1 e-con-full e-flex e-con e-child\" data-id=\"2ceadd1\" data-element_type=\"container\" data-e-type=\"container\" data-settings=\"{&quot;jet_parallax_layout_list&quot;:[]}\">\n\t\t\t\t<div class=\"elementor-element elementor-element-327228e elementor-widget__width-inherit elementor-widget elementor-widget-text-editor\" data-id=\"327228e\" data-element_type=\"widget\" data-e-type=\"widget\" data-widget_type=\"text-editor.default\">\n\t\t\t\t<div class=\"elementor-widget-container\">\n\t\t\t\t\t\t\t\t\t<p>Treat yourself to Sebastian Kneipp&#039;s popular and successful hydrotherapy and let yourself be pampered by the experienced and competent therapists in Berggiessh\u00fcbel!<\/p><p>Kneipp medicine or Kneipp therapy goes back to the Bavarian pastor Sebastian Kneipp (1821 \u2013 1897). He cured himself of colds while studying theology<br \/>Immersion baths to overcome the effects of severe tuberculosis.<br \/>Based on this experience, Kneipp developed the hydrotherapy named after him in the following decades.<\/p><p>Water treatments are proven to be among the oldest forms of therapy and were an integral part of bathing culture even in ancient times.<br \/>Kneipp expanded the knowledge about the healing power of water and combined it with exercise and nutritional recommendations.<br \/>The \u201cwater doctor of W\u00f6rishofen\u201d is therefore not only considered the founder of a complex natural healing process, but also of a holistically oriented way of life. He deserves the credit for having further developed health education and naturopathic medicine, made them known to a large public and introduced them to science.<\/p><p>Berggiessh\u00fcbel&#039;s development into a spa and bathing resort began after miners and smelters discovered two healing springs in 1717 and 1722. The then landlord and castle owner T\u00fcllmann quickly had the necessary infrastructure for spa and bathing operations built with the \u201cJohann-Georgen-Bad\u201d, the \u201cS\u00e4chsisches Haus\u201d inn and the Marienapotheke. Within just a few years, Berggiessh\u00fcbel already had 300 bathers, including well-known people such as the master builder P\u00f6ppelmann, the fabulist Gellert and the satirist Rabener.<\/p><p>In the following decades, the bathing industry developed into the city&#039;s second economic mainstay alongside mining.<br \/>The spa experienced a setback after that<br \/>devastating flood in 1927. The reconstruction of the destroyed spa facilities, which began in 1932, was accompanied by the targeted introduction of Sebastian Kneipp&#039;s healing methods.<\/p><p>In 1934 Berggiessh\u00fcbel became a Kneipp spa, and in the 1970s the title of \u201cstate-recognized health resort\u201d followed.<\/p><p>The existing spa facilities were expanded in 1994 to include a modern rehabilitation clinic, which guarantees a continuation of the almost 300-year-old spa tradition at a high level. But Kneipp water treatments continue today and numerous facilities in the city offer guests the opportunity to receive the treatments.<\/p><p>Kneipp cures allow your body and soul to heal and the healing process can be used in a variety of ways.<\/p>\t\t\t\t\t\t\t\t<\/div>\n\t\t\t\t<\/div>\n\t\t\t\t<\/div>\n\t\t\t\t\t<\/details>\n\t\t\t\t\t\t<details id=\"e-n-accordion-item-6631\" class=\"e-n-accordion-item\" >\n\t\t\t\t<summary class=\"e-n-accordion-item-title\" data-accordion-index=\"2\" tabindex=\"-1\" aria-expanded=\"false\" aria-controls=\"e-n-accordion-item-6631\" >\n\t\t\t\t\t<span class='e-n-accordion-item-title-header'><div class=\"e-n-accordion-item-title-text\"> History of the Bad Gottleuba mud spa <\/div><\/span>\n\t\t\t\t\t\t\t<span class='e-n-accordion-item-title-icon'>\n\t\t\t<span class='e-opened' ><i aria-hidden=\"true\" class=\"fas fa-minus\"><\/i><\/span>\n\t\t\t<span class='e-closed'><i aria-hidden=\"true\" class=\"fas fa-plus\"><\/i><\/span>\n\t\t<\/span>\n\n\t\t\t\t\t\t<\/summary>\n\t\t\t\t<div role=\"region\" aria-labelledby=\"e-n-accordion-item-6631\" class=\"elementor-element elementor-element-6c3bfe4 e-con-full e-flex e-con e-child\" data-id=\"6c3bfe4\" data-element_type=\"container\" data-e-type=\"container\" data-settings=\"{&quot;jet_parallax_layout_list&quot;:[]}\">\n\t\t\t\t<div class=\"elementor-element elementor-element-709895f elementor-widget__width-inherit elementor-widget elementor-widget-text-editor\" data-id=\"709895f\" data-element_type=\"widget\" data-e-type=\"widget\" data-widget_type=\"text-editor.default\">\n\t\t\t\t<div class=\"elementor-widget-container\">\n\t\t\t\t\t\t\t\t\t<p>Bad Gottleuba is the younger of the two health resorts in the Gottleubatal.<br \/>Although an iron-rich spring, the Herzogbrunnen, had been known since 1828, the development into a spa only began in 1861 with the discovery of usable moor deposits.<br \/>The spa, built in 1880, was quickly expanded and Gottleuba was added to the Saxon spa list as a spa.<\/p><p>The breakthrough in health resort development came after the introduction of old-age and disability pension insurance (1891) by Imperial Chancellor Otto von Bismarck. His social legislation<br \/>made it possible to carry out treatment procedures in the event of impending incapacity to work. When looking for a suitable Saxon location to carry out these healing procedures, the small town of Gottleuba was chosen due to its quiet location, the mild low mountain climate and the wooded surroundings. Between 1909 and 1913, an extensive building complex was built on the slopes of the Helleberg as a \u201csanctuary of the Saxony State Insurance Institute\u201d.<\/p><p>The sanatorium, from 1954 as the \u201cBad Gottleuba Clinic Sanatorium\u201d<br \/>In the following decades, it developed into a center for dietetics and the largest closed rehabilitation center in the GDR in the field of physiotherapy. Today the facility presents itself as a modern health, wellness and rehabilitation complex. In six specialist clinics, among other things, orthopedic, internal and psychosomatic<br \/>diseases treated.<\/p><p>The moor spa has other attractive spa facilities that shape the image of the city. You can design your vacation individually \u2013 choose between hotels, guesthouses or private accommodation!<\/p><p>Let yourself be pampered by competent therapists in the physiotherapy clinics in Bad Gottleuba.<\/p>\t\t\t\t\t\t\t\t<\/div>\n\t\t\t\t<\/div>\n\t\t\t\t<\/div>\n\t\t\t\t\t<\/details>\n\t\t\t\t\t<\/div>\n\t\t\t\t\t\t<\/div>\n\t\t\t\t<\/div>\n\t\t\t\t<\/div>\n\t\t\t\t<\/div>\n\t\t\t\t<\/div>\n\t\t\t\t<\/div>\n\t\t\t\t<\/div>","protected":false},"excerpt":{"rendered":"<p>MEDIAN Klinik im Kneippkurort Berggie\u00dfh\u00fcbel Die Kurklinik befindet sich in ruhiger Randlage des traditionsreichen Kurortes. Mit dem Klinikneubau im Jahr 1993 wurde mit einer Kapazit\u00e4t von 200 Betten eine moderne und kompetente Rehabilitationsklinik f\u00fcr Orthop\u00e4die und Psychosomatik geschaffen. Wir bieten in unseren beiden Kliniken in Bad Gottleuba-Berggie\u00dfh\u00fcbel auch Kur- undGesundheitsurlaube f\u00fcr Privatpatienten bzw. Selbstzahler an.Bei [&hellip;]<\/p>\n","protected":false},"author":1,"featured_media":0,"parent":7571,"menu_order":0,"comment_status":"closed","ping_status":"closed","template":"elementor_header_footer","meta":{"inline_featured_image":false,"footnotes":""},"class_list":["post-7731","page","type-page","status-publish","hentry"],"_links":{"self":[{"href":"https:\/\/badgottleuba-berggiesshuebel.de\/en\/wp-json\/wp\/v2\/pages\/7731","targetHints":{"allow":["GET"]}}],"collection":[{"href":"https:\/\/badgottleuba-berggiesshuebel.de\/en\/wp-json\/wp\/v2\/pages"}],"about":[{"href":"https:\/\/badgottleuba-berggiesshuebel.de\/en\/wp-json\/wp\/v2\/types\/page"}],"author":[{"embeddable":true,"href":"https:\/\/badgottleuba-berggiesshuebel.de\/en\/wp-json\/wp\/v2\/users\/1"}],"replies":[{"embeddable":true,"href":"https:\/\/badgottleuba-berggiesshuebel.de\/en\/wp-json\/wp\/v2\/comments?post=7731"}],"version-history":[{"count":91,"href":"https:\/\/badgottleuba-berggiesshuebel.de\/en\/wp-json\/wp\/v2\/pages\/7731\/revisions"}],"predecessor-version":[{"id":9355,"href":"https:\/\/badgottleuba-berggiesshuebel.de\/en\/wp-json\/wp\/v2\/pages\/7731\/revisions\/9355"}],"up":[{"embeddable":true,"href":"https:\/\/badgottleuba-berggiesshuebel.de\/en\/wp-json\/wp\/v2\/pages\/7571"}],"wp:attachment":[{"href":"https:\/\/badgottleuba-berggiesshuebel.de\/en\/wp-json\/wp\/v2\/media?parent=7731"}],"curies":[{"name":"wp","href":"https:\/\/api.w.org\/{rel}","templated":true}]}}