{"id":7616,"date":"2023-10-30T13:05:33","date_gmt":"2023-10-30T12:05:33","guid":{"rendered":"https:\/\/bad-gott.the-web-designer.de\/urlaub\/pauschalangebote-copy\/"},"modified":"2026-03-30T15:56:30","modified_gmt":"2026-03-30T13:56:30","slug":"tourist-information","status":"publish","type":"page","link":"https:\/\/badgottleuba-berggiesshuebel.de\/en\/urlaub\/tourist-information\/","title":{"rendered":"Tourist information"},"content":{"rendered":"\t\t<div data-elementor-type=\"wp-page\" data-elementor-id=\"7616\" class=\"elementor elementor-7616\" data-elementor-post-type=\"page\">\n\t\t\t\t<div class=\"elementor-element elementor-element-266ef78 e-con-full e-flex e-con e-parent\" data-id=\"266ef78\" data-element_type=\"container\" data-e-type=\"container\" data-settings=\"{&quot;jet_parallax_layout_list&quot;:[]}\">\n\t\t\t\t<div class=\"elementor-element elementor-element-fe097cc elementor-widget elementor-widget-image\" data-id=\"fe097cc\" data-element_type=\"widget\" data-e-type=\"widget\" data-widget_type=\"image.default\">\n\t\t\t\t<div class=\"elementor-widget-container\">\n\t\t\t\t\t\t\t\t\t\t\t\t\t\t\t<img fetchpriority=\"high\" decoding=\"async\" width=\"2560\" height=\"1707\" src=\"https:\/\/badgottleuba-berggiesshuebel.de\/wp-content\/uploads\/2023\/10\/Titelfoto-Touristinformation-scaled.jpg\" class=\"attachment-full size-full wp-image-7727\" alt=\"\" srcset=\"https:\/\/badgottleuba-berggiesshuebel.de\/wp-content\/uploads\/2023\/10\/Titelfoto-Touristinformation-scaled.jpg 2560w, https:\/\/badgottleuba-berggiesshuebel.de\/wp-content\/uploads\/2023\/10\/Titelfoto-Touristinformation-300x200.jpg 300w, https:\/\/badgottleuba-berggiesshuebel.de\/wp-content\/uploads\/2023\/10\/Titelfoto-Touristinformation-1024x683.jpg 1024w, https:\/\/badgottleuba-berggiesshuebel.de\/wp-content\/uploads\/2023\/10\/Titelfoto-Touristinformation-768x512.jpg 768w, https:\/\/badgottleuba-berggiesshuebel.de\/wp-content\/uploads\/2023\/10\/Titelfoto-Touristinformation-1536x1024.jpg 1536w, https:\/\/badgottleuba-berggiesshuebel.de\/wp-content\/uploads\/2023\/10\/Titelfoto-Touristinformation-2048x1366.jpg 2048w, https:\/\/badgottleuba-berggiesshuebel.de\/wp-content\/uploads\/2023\/10\/Titelfoto-Touristinformation-18x12.jpg 18w\" sizes=\"(max-width: 2560px) 100vw, 2560px\" \/>\t\t\t\t\t\t\t\t\t\t\t\t\t\t\t<\/div>\n\t\t\t\t<\/div>\n\t\t\t\t<\/div>\n\t\t<div class=\"elementor-element elementor-element-1861f4a e-con-full e-flex e-con e-parent\" data-id=\"1861f4a\" data-element_type=\"container\" data-e-type=\"container\" data-settings=\"{&quot;jet_parallax_layout_list&quot;:[]}\">\n\t\t<div class=\"elementor-element elementor-element-2718964 e-con-full e-flex e-con e-child\" data-id=\"2718964\" data-element_type=\"container\" data-e-type=\"container\" data-settings=\"{&quot;jet_parallax_layout_list&quot;:[]}\">\n\t\t<div class=\"elementor-element elementor-element-182b58c e-con-full e-flex e-con e-child\" data-id=\"182b58c\" data-element_type=\"container\" data-e-type=\"container\" data-settings=\"{&quot;jet_parallax_layout_list&quot;:[]}\">\n\t\t\t\t<div class=\"elementor-element elementor-element-6a97023 elementor-widget elementor-widget-heading\" data-id=\"6a97023\" data-element_type=\"widget\" data-e-type=\"widget\" data-widget_type=\"heading.default\">\n\t\t\t\t<div class=\"elementor-widget-container\">\n\t\t\t\t\t<h1 class=\"elementor-heading-title elementor-size-default\">Tourist-Information Berggie\u00dfh\u00fcbel<\/h1>\t\t\t\t<\/div>\n\t\t\t\t<\/div>\n\t\t\t\t<div class=\"elementor-element elementor-element-30ba965 elementor-hidden-desktop elementor-hidden-laptop elementor-hidden-tablet elementor-hidden-mobile elementor-widget elementor-widget-heading\" data-id=\"30ba965\" data-element_type=\"widget\" data-e-type=\"widget\" data-widget_type=\"heading.default\">\n\t\t\t\t<div class=\"elementor-widget-container\">\n\t\t\t\t\t<h2 class=\"elementor-heading-title elementor-size-default\">Subunterschrift pauschalen<\/h2>\t\t\t\t<\/div>\n\t\t\t\t<\/div>\n\t\t\t\t<div class=\"elementor-element elementor-element-328a1f3 elementor-widget__width-inherit elementor-hidden-desktop elementor-hidden-laptop elementor-hidden-tablet elementor-hidden-mobile elementor-widget elementor-widget-text-editor\" data-id=\"328a1f3\" data-element_type=\"widget\" data-e-type=\"widget\" data-widget_type=\"text-editor.default\">\n\t\t\t\t<div class=\"elementor-widget-container\">\n\t\t\t\t\t\t\t\t\tEntdecken Sie unsere attraktiven Urlaubsangebote und nehmen Sie sich so eine Auszeit bei uns. Genie\u00dfen Sie die Vielfalt der reichen Natur und entdecken Sie die Geschichte &#8230;. Entdecken Sie unsere attraktiven Urlaubsangebote und nehmen Sie sich so eine Auszeit bei uns. Genie\u00dfen Sie die Vielfalt der reichen Natur und entdecken Sie die Geschichte&#8230;.Entdecken Sie unsere attraktiven Urlaubsangebote und nehmen Sie sich so eine Auszeit bei uns. Genie\u00dfen Sie die Vielfalt der reichen Natur und entdecken Sie die Geschichte\t\t\t\t\t\t\t\t<\/div>\n\t\t\t\t<\/div>\n\t\t\t\t<\/div>\n\t\t\t\t<\/div>\n\t\t\t\t<\/div>\n\t\t<div class=\"elementor-element elementor-element-933a118 e-con-full e-flex e-con e-parent\" data-id=\"933a118\" data-element_type=\"container\" data-e-type=\"container\" data-settings=\"{&quot;jet_parallax_layout_list&quot;:[]}\">\n\t\t<div class=\"elementor-element elementor-element-f8cb09c e-con-full e-flex e-con e-child\" data-id=\"f8cb09c\" data-element_type=\"container\" data-e-type=\"container\" data-settings=\"{&quot;jet_parallax_layout_list&quot;:[]}\">\n\t\t\t\t<div class=\"elementor-element elementor-element-f90136b elementor-widget elementor-widget-text-editor\" data-id=\"f90136b\" data-element_type=\"widget\" data-e-type=\"widget\" data-widget_type=\"text-editor.default\">\n\t\t\t\t<div class=\"elementor-widget-container\">\n\t\t\t\t\t\t\t\t\t<div><p>Im ehemaligen Scheidehaus des Besucherbergwerkes in Berggie\u00dfh\u00fcbel befindet sich auch die Touristinformation Bad Gottleuba-Berggie\u00dfh\u00fcbel und ein Shop, in dem Sie u.a. Wanderkarten der S\u00e4chsischen Schweiz, B\u00fccher, Mineralien, Bergbausouvenirs, Erzgebirgische Volkskunst sowie Getr\u00e4nke und im Sommer Eis erhalten. Schlie\u00dff\u00e4cher, WCs, Baby-Wickelm\u00f6glichkeit und Kinderwagenabstellraum sowie eine kleine Spielecke sind vorhanden. Gern beraten wir Sie hier gern zu Ausflugs- oder Wanderzielen in der S\u00e4chsisch-B\u00f6hmischen Schweiz.<\/p><p>Buchungsstelle f\u00fcr:<\/p><ul><li>Eintrittskarten f\u00fcr das Besucherbergwerk<\/li><li>Unterk\u00fcnfte in Bad Gottleuba-Berggie\u00dfh\u00fcbel<\/li><li>Tickets f\u00fcr den Forststeig Elbsandstein<\/li><li>Tagesfahrten und Reisen von Eberhardt Travel<\/li><li>Tagesfahrten von Puttrich Reisen<\/li><li>Tickets f\u00fcr die S\u00e4chsische Dampfschifffahrt<\/li><\/ul><\/div>\t\t\t\t\t\t\t\t<\/div>\n\t\t\t\t<\/div>\n\t\t\t\t<\/div>\n\t\t<div class=\"elementor-element elementor-element-a11bb6a e-con-full e-flex e-con e-child\" data-id=\"a11bb6a\" data-element_type=\"container\" data-e-type=\"container\" data-settings=\"{&quot;background_background&quot;:&quot;classic&quot;,&quot;jet_parallax_layout_list&quot;:[]}\">\n\t\t\t\t<div class=\"elementor-element elementor-element-5510e8e elementor-widget elementor-widget-text-editor\" data-id=\"5510e8e\" data-element_type=\"widget\" data-e-type=\"widget\" data-widget_type=\"text-editor.default\">\n\t\t\t\t<div class=\"elementor-widget-container\">\n\t\t\t\t\t\t\t\t\t<p>Touristinformation Berggie\u00dfh\u00fcbel<br \/>(am Besucherbergwerk)<br \/>Talstra\u00dfe 2A<br \/>01816 Berggie\u00dfh\u00fcbel<br \/>Telefon (035023) 5 29 80<br \/><a href=\"mailto:info@badgottleuba-berggiesshuebel\">info@badgottleuba-berggiesshuebel.de<\/a><\/p><p><strong>Aktuelle \u00d6ffnungeziten:<\/strong><\/p><table><tbody><tr><td>Montag:<\/td><td>geschlossen<\/td><\/tr><tr><td>Dienstag:<\/td><td>10:00 &#8211; 16:30 Uhr<\/td><\/tr><tr><td>Mittwoch:<\/td><td>10:00 &#8211; 16:30 Uhr<\/td><\/tr><tr><td>Donnerstag:<\/td><td>10:00 &#8211; 16:30 Uhr<\/td><\/tr><tr><td>Freitag:<\/td><td>10:00 &#8211; 16:30 Uhr<\/td><\/tr><tr><td>Samstag:<\/td><td>10:00 &#8211; 17:00 Uhr<\/td><\/tr><tr><td>Sonntag:<\/td><td>10:00 &#8211; 16:30 Uhr<\/td><\/tr><\/tbody><\/table><p><em>(Bei Veranstaltungen im Besucherbergwerk <\/em><em>auch fr\u00fcher bzw. l\u00e4nger ge\u00f6ffnet)<\/em><\/p>\t\t\t\t\t\t\t\t<\/div>\n\t\t\t\t<\/div>\n\t\t\t\t<\/div>\n\t\t\t\t<\/div>\n\t\t<div class=\"elementor-element elementor-element-5e1f412 e-con-full e-flex e-con e-parent\" data-id=\"5e1f412\" data-element_type=\"container\" data-e-type=\"container\" data-settings=\"{&quot;jet_parallax_layout_list&quot;:[]}\">\n\t\t<div class=\"elementor-element elementor-element-2ebee7e e-con-full e-flex e-con e-child\" data-id=\"2ebee7e\" data-element_type=\"container\" data-e-type=\"container\" data-settings=\"{&quot;jet_parallax_layout_list&quot;:[]}\">\n\t\t<div class=\"elementor-element elementor-element-5d95a1c e-con-full e-flex e-con e-child\" data-id=\"5d95a1c\" data-element_type=\"container\" data-e-type=\"container\" data-settings=\"{&quot;jet_parallax_layout_list&quot;:[]}\">\n\t\t\t\t<div class=\"elementor-element elementor-element-3c81efc elementor-widget elementor-widget-heading\" data-id=\"3c81efc\" data-element_type=\"widget\" data-e-type=\"widget\" data-widget_type=\"heading.default\">\n\t\t\t\t<div class=\"elementor-widget-container\">\n\t\t\t\t\t<h1 class=\"elementor-heading-title elementor-size-default\">Prospekte<\/h1>\t\t\t\t<\/div>\n\t\t\t\t<\/div>\n\t\t\t\t<\/div>\n\t\t\t\t<\/div>\n\t\t\t\t<\/div>\n\t\t<div class=\"elementor-element elementor-element-5a3e5ff e-flex e-con-boxed e-con e-parent\" data-id=\"5a3e5ff\" data-element_type=\"container\" data-e-type=\"container\" data-settings=\"{&quot;jet_parallax_layout_list&quot;:[]}\">\n\t\t\t\t\t<div class=\"e-con-inner\">\n\t\t\t\t<div class=\"elementor-element elementor-element-34f8faf elementor-widget__width-inherit elementor-widget elementor-widget-html\" data-id=\"34f8faf\" data-element_type=\"widget\" data-e-type=\"widget\" data-widget_type=\"html.default\">\n\t\t\t\t<div class=\"elementor-widget-container\">\n\t\t\t\t\t<div id=\"tosc5target\"><\/div>\n\n\n<script>\nwindow.dw = window.dw || function () { (dw.q = dw.q || []).push(arguments) };\ndw('settings','ae30dce1-c404-4c1d-925b-cdd13d5bbba7',\n{\n\n\"context\": {\n\"targetRoute\":[\n\"\/prospekte\" \n] \n},\n\"lang\": 'de',\n\"allowScrollOnApplicationStart\" : false,\n\"target\": \"tosc5target\",\n\"profileOverrides\" : [\n         \"general.navigation.visible=false\"\n    ]\n});\n<\/script>\n<script async src=https:\/\/resc.deskline.net\/DW5\/start\/GOTTLEUBA\/ae30dce1-c404-4c1d-925b-cdd13d5bbba7\/index.js><\/script>\n\t\t\t\t<\/div>\n\t\t\t\t<\/div>\n\t\t\t\t\t<\/div>\n\t\t\t\t<\/div>\n\t\t\t\t<\/div>\n\t\t","protected":false},"excerpt":{"rendered":"<p>Tourist-Information Berggie\u00dfh\u00fcbel Subunterschrift pauschalen Entdecken Sie unsere attraktiven Urlaubsangebote und nehmen Sie sich so eine Auszeit bei uns. Genie\u00dfen Sie die Vielfalt der reichen Natur und entdecken Sie die Geschichte &#8230;. Entdecken Sie unsere attraktiven Urlaubsangebote und nehmen Sie sich so eine Auszeit bei uns. Genie\u00dfen Sie die Vielfalt der reichen Natur und entdecken Sie [&hellip;]<\/p>\n","protected":false},"author":1,"featured_media":0,"parent":5727,"menu_order":0,"comment_status":"closed","ping_status":"closed","template":"","meta":{"inline_featured_image":false,"footnotes":""},"class_list":["post-7616","page","type-page","status-publish","hentry"],"_links":{"self":[{"href":"https:\/\/badgottleuba-berggiesshuebel.de\/en\/wp-json\/wp\/v2\/pages\/7616","targetHints":{"allow":["GET"]}}],"collection":[{"href":"https:\/\/badgottleuba-berggiesshuebel.de\/en\/wp-json\/wp\/v2\/pages"}],"about":[{"href":"https:\/\/badgottleuba-berggiesshuebel.de\/en\/wp-json\/wp\/v2\/types\/page"}],"author":[{"embeddable":true,"href":"https:\/\/badgottleuba-berggiesshuebel.de\/en\/wp-json\/wp\/v2\/users\/1"}],"replies":[{"embeddable":true,"href":"https:\/\/badgottleuba-berggiesshuebel.de\/en\/wp-json\/wp\/v2\/comments?post=7616"}],"version-history":[{"count":220,"href":"https:\/\/badgottleuba-berggiesshuebel.de\/en\/wp-json\/wp\/v2\/pages\/7616\/revisions"}],"predecessor-version":[{"id":9376,"href":"https:\/\/badgottleuba-berggiesshuebel.de\/en\/wp-json\/wp\/v2\/pages\/7616\/revisions\/9376"}],"up":[{"embeddable":true,"href":"https:\/\/badgottleuba-berggiesshuebel.de\/en\/wp-json\/wp\/v2\/pages\/5727"}],"wp:attachment":[{"href":"https:\/\/badgottleuba-berggiesshuebel.de\/en\/wp-json\/wp\/v2\/media?parent=7616"}],"curies":[{"name":"wp","href":"https:\/\/api.w.org\/{rel}","templated":true}]}}