{"id":7027,"date":"2023-10-26T07:43:34","date_gmt":"2023-10-26T05:43:34","guid":{"rendered":"https:\/\/bad-gott.the-web-designer.de\/erlebnisse\/ausflugsziele-copy\/"},"modified":"2025-11-30T16:53:02","modified_gmt":"2025-11-30T15:53:02","slug":"wintererlebnisse","status":"publish","type":"page","link":"https:\/\/badgottleuba-berggiesshuebel.de\/en\/erlebnisse\/wintererlebnisse\/","title":{"rendered":"Winter experiences"},"content":{"rendered":"<div data-elementor-type=\"wp-page\" data-elementor-id=\"7027\" class=\"elementor elementor-7027\" data-elementor-post-type=\"page\">\n\t\t\t\t<div class=\"elementor-element elementor-element-266ef78 e-con-full e-flex e-con e-parent\" data-id=\"266ef78\" data-element_type=\"container\" data-e-type=\"container\" data-settings=\"{&quot;jet_parallax_layout_list&quot;:[]}\">\n\t\t\t\t<div class=\"elementor-element elementor-element-fe097cc elementor-widget elementor-widget-image\" data-id=\"fe097cc\" data-element_type=\"widget\" data-e-type=\"widget\" data-widget_type=\"image.default\">\n\t\t\t\t<div class=\"elementor-widget-container\">\n\t\t\t\t\t\t\t\t\t\t\t\t\t\t\t<img fetchpriority=\"high\" decoding=\"async\" width=\"2560\" height=\"1920\" src=\"https:\/\/badgottleuba-berggiesshuebel.de\/wp-content\/uploads\/2023\/10\/Titelbild_Wintererlbnisse-scaled.jpg\" class=\"attachment-full size-full wp-image-7534\" alt=\"\" srcset=\"https:\/\/badgottleuba-berggiesshuebel.de\/wp-content\/uploads\/2023\/10\/Titelbild_Wintererlbnisse-scaled.jpg 2560w, https:\/\/badgottleuba-berggiesshuebel.de\/wp-content\/uploads\/2023\/10\/Titelbild_Wintererlbnisse-300x225.jpg 300w, https:\/\/badgottleuba-berggiesshuebel.de\/wp-content\/uploads\/2023\/10\/Titelbild_Wintererlbnisse-1024x768.jpg 1024w, https:\/\/badgottleuba-berggiesshuebel.de\/wp-content\/uploads\/2023\/10\/Titelbild_Wintererlbnisse-768x576.jpg 768w, https:\/\/badgottleuba-berggiesshuebel.de\/wp-content\/uploads\/2023\/10\/Titelbild_Wintererlbnisse-1536x1152.jpg 1536w, https:\/\/badgottleuba-berggiesshuebel.de\/wp-content\/uploads\/2023\/10\/Titelbild_Wintererlbnisse-2048x1536.jpg 2048w, https:\/\/badgottleuba-berggiesshuebel.de\/wp-content\/uploads\/2023\/10\/Titelbild_Wintererlbnisse-16x12.jpg 16w\" sizes=\"(max-width: 2560px) 100vw, 2560px\" \/>\t\t\t\t\t\t\t\t\t\t\t\t\t\t\t<\/div>\n\t\t\t\t<\/div>\n\t\t\t\t<\/div>\n\t\t<div class=\"elementor-element elementor-element-b1eb7b3 e-con-full e-flex e-con e-parent\" data-id=\"b1eb7b3\" data-element_type=\"container\" data-e-type=\"container\" data-settings=\"{&quot;jet_parallax_layout_list&quot;:[]}\">\n\t\t\t\t<div class=\"elementor-element elementor-element-87ee16c elementor-widget elementor-widget-heading\" data-id=\"87ee16c\" data-element_type=\"widget\" data-e-type=\"widget\" data-widget_type=\"heading.default\">\n\t\t\t\t<div class=\"elementor-widget-container\">\n\t\t\t\t\t<h1 class=\"elementor-heading-title elementor-size-default\">Winter in the Gottleuba Valley<\/h1>\t\t\t\t<\/div>\n\t\t\t\t<\/div>\n\t\t\t\t<\/div>\n\t\t<div class=\"elementor-element elementor-element-a26f5ea e-flex e-con-boxed e-con e-parent\" data-id=\"a26f5ea\" data-element_type=\"container\" data-e-type=\"container\" data-settings=\"{&quot;jet_parallax_layout_list&quot;:[]}\">\n\t\t\t\t\t<div class=\"e-con-inner\">\n\t\t<div class=\"elementor-element elementor-element-cd03506 e-con-full e-flex e-con e-child\" data-id=\"cd03506\" data-element_type=\"container\" data-e-type=\"container\" data-settings=\"{&quot;jet_parallax_layout_list&quot;:[]}\">\n\t\t\t\t<div class=\"elementor-element elementor-element-981706c elementor-widget elementor-widget-heading\" data-id=\"981706c\" data-element_type=\"widget\" data-e-type=\"widget\" data-widget_type=\"heading.default\">\n\t\t\t\t<div class=\"elementor-widget-container\">\n\t\t\t\t\t<h2 class=\"elementor-heading-title elementor-size-default\">Winter in Bad Gottleuba-Berggie\u00dfh\u00fcbel: Nature experiences, wellness and events<\/h2>\t\t\t\t<\/div>\n\t\t\t\t<\/div>\n\t\t\t\t<div class=\"elementor-element elementor-element-9eed023 elementor-widget elementor-widget-text-editor\" data-id=\"9eed023\" data-element_type=\"widget\" data-e-type=\"widget\" data-widget_type=\"text-editor.default\">\n\t\t\t\t<div class=\"elementor-widget-container\">\n\t\t\t\t\t\t\t\t\t<p>Winter in the Gottleuba Valley transforms the region into a natural paradise, ideal for excursions and relaxation. Besides the stunning scenery, Bad Gottleuba-Berggie\u00dfh\u00fcbel offers a variety of activities and events that provide recreation and entertainment even during the winter months.<\/p><h3>Nature experiences: Alpaca hikes<\/h3><p>A very special activity is the <strong>Alpaca hikes in Bad Gottleuba<\/strong>Accompanied by these gentle animals, you will experience the rocky area of the Raabsteine in a unique way. The guided tours are a highlight for the whole family and allow you to experience the winter landscape up close.<\/p><p><a href=\"https:\/\/www.soul-speaker.de\/booking-checkout\/?c_id=db6655ae-2364-445b-99f9-fa0f653bb18f\"><span style=\"text-decoration: underline;\">Alpaca hikes in Bad Gottleuba<\/span><\/a><\/p><h3>Relaxation in the salt barn and sauna experiences<\/h3><p>To relax after an active day, the <strong>Salzscheune Berggie\u00dfh\u00fcbel<\/strong> a perfect way to relax in a soothing salt air and recharge your batteries. Alternatively, you can relax in the <strong>Sauna in the Hotel &amp; Restaurant Augustusberg<\/strong> Relax. The sauna, with its magnificent view over the Gottleuba Valley, is a place of peace and relaxation.<\/p><p><a href=\"https:\/\/www.salzscheune.de\/\"><span style=\"text-decoration: underline;\">Salzscheune Berggie\u00dfh\u00fcbel<\/span><\/a><\/p><p><span style=\"text-decoration: underline;\"><a href=\"https:\/\/www.augustusberg.de\/wellness\/\">Sauna in the Hotel &amp; Restaurant Augustusberg<\/a><\/span><\/p><h3>Other events in winter<\/h3><p>The event calendar offers various cultural highlights in winter, including <strong>concerts and readings<\/strong>that enrich the autumn with music and literature. Look for local information so you don&#039;t miss any events.<\/p><div class=\"inline-flex max-w-full\"><span class=\"\" data-state=\"closed\"><a class=\"!text-token-text-secondary !no-underline hover:!text-token-link dark:!text-token-text-tertiary dark:hover:!text-token-link\" href=\"https:\/\/badgottleuba-berggiesshuebel.de\/en\/veranstaltungen\/\" target=\"_blank\" rel=\"noopener\"><span class=\"truncate\"><span style=\"text-decoration: underline;\">Events calendar<\/span><\/span><\/a><\/span><\/div><h3>culinary and regional specialties<\/h3><p>Our restaurants serve dishes made with locally sourced ingredients. Sample game specialties and other seasonal delicacies that the regional cuisine has to offer.<\/p><p><a href=\"https:\/\/badgottleuba-berggiesshuebel.de\/en\/genuss\/\"><span style=\"text-decoration: underline;\">Restaurants &amp; <\/span><span class=\"Y2IQFc\" lang=\"de\"><span style=\"text-decoration: underline;\">cafes<\/span><\/span><\/a><\/p>\t\t\t\t\t\t\t\t<\/div>\n\t\t\t\t<\/div>\n\t\t\t\t<\/div>\n\t\t\t\t\t<\/div>\n\t\t\t\t<\/div>\n\t\t<div class=\"elementor-element elementor-element-c9c0d0a e-con-full e-flex e-con e-parent\" data-id=\"c9c0d0a\" data-element_type=\"container\" data-e-type=\"container\" data-settings=\"{&quot;jet_parallax_layout_list&quot;:[]}\">\n\t\t\t\t<div class=\"elementor-element elementor-element-2349180 elementor-arrows-position-inside elementor-widget elementor-widget-loop-carousel\" data-id=\"2349180\" data-element_type=\"widget\" data-e-type=\"widget\" data-settings=\"{&quot;template_id&quot;:&quot;4156&quot;,&quot;_skin&quot;:&quot;post&quot;,&quot;slides_to_show&quot;:&quot;3&quot;,&quot;slides_to_show_laptop&quot;:&quot;3&quot;,&quot;slides_to_show_tablet&quot;:&quot;2&quot;,&quot;slides_to_show_mobile&quot;:&quot;1&quot;,&quot;slides_to_scroll&quot;:&quot;1&quot;,&quot;edit_handle_selector&quot;:&quot;.elementor-loop-container&quot;,&quot;autoplay&quot;:&quot;yes&quot;,&quot;autoplay_speed&quot;:5000,&quot;pause_on_hover&quot;:&quot;yes&quot;,&quot;pause_on_interaction&quot;:&quot;yes&quot;,&quot;infinite&quot;:&quot;yes&quot;,&quot;speed&quot;:500,&quot;offset_sides&quot;:&quot;none&quot;,&quot;arrows&quot;:&quot;yes&quot;,&quot;image_spacing_custom&quot;:{&quot;unit&quot;:&quot;px&quot;,&quot;size&quot;:10,&quot;sizes&quot;:[]},&quot;image_spacing_custom_laptop&quot;:{&quot;unit&quot;:&quot;px&quot;,&quot;size&quot;:&quot;&quot;,&quot;sizes&quot;:[]},&quot;image_spacing_custom_tablet&quot;:{&quot;unit&quot;:&quot;px&quot;,&quot;size&quot;:&quot;&quot;,&quot;sizes&quot;:[]},&quot;image_spacing_custom_mobile&quot;:{&quot;unit&quot;:&quot;px&quot;,&quot;size&quot;:&quot;&quot;,&quot;sizes&quot;:[]}}\" data-widget_type=\"loop-carousel.post\">\n\t\t\t\t<div class=\"elementor-widget-container\">\n\t\t\t\t\t\t\t<div class=\"e-loop-nothing-found-message\">\n\t\t<\/div>\n\t\t\t\t\t\t<\/div>\n\t\t\t\t<\/div>\n\t\t\t\t<\/div>\n\t\t\t\t<\/div>","protected":false},"excerpt":{"rendered":"<p>Winter im Gottleubatal Winter in Bad Gottleuba-Berggie\u00dfh\u00fcbel: Naturerlebnisse, Wellness und Veranstaltungen Der Winter im Gottleubatal verwandelt die Region in ein Naturparadies, das sich ideal f\u00fcr Ausfl\u00fcge und Entspannung eignet. Neben der beeindruckenden Landschaft bietet Bad Gottleuba-Berggie\u00dfh\u00fcbel eine Vielzahl von Aktivit\u00e4ten und Veranstaltungen, die auch in den Wintermonaten f\u00fcr Erholung und Abwechslung sorgen. Naturerlebnisse: Alpakawanderungen Eine [&hellip;]<\/p>\n","protected":false},"author":1,"featured_media":7534,"parent":6301,"menu_order":0,"comment_status":"closed","ping_status":"closed","template":"elementor_header_footer","meta":{"inline_featured_image":false,"footnotes":""},"class_list":["post-7027","page","type-page","status-publish","has-post-thumbnail","hentry"],"_links":{"self":[{"href":"https:\/\/badgottleuba-berggiesshuebel.de\/en\/wp-json\/wp\/v2\/pages\/7027","targetHints":{"allow":["GET"]}}],"collection":[{"href":"https:\/\/badgottleuba-berggiesshuebel.de\/en\/wp-json\/wp\/v2\/pages"}],"about":[{"href":"https:\/\/badgottleuba-berggiesshuebel.de\/en\/wp-json\/wp\/v2\/types\/page"}],"author":[{"embeddable":true,"href":"https:\/\/badgottleuba-berggiesshuebel.de\/en\/wp-json\/wp\/v2\/users\/1"}],"replies":[{"embeddable":true,"href":"https:\/\/badgottleuba-berggiesshuebel.de\/en\/wp-json\/wp\/v2\/comments?post=7027"}],"version-history":[{"count":132,"href":"https:\/\/badgottleuba-berggiesshuebel.de\/en\/wp-json\/wp\/v2\/pages\/7027\/revisions"}],"predecessor-version":[{"id":9344,"href":"https:\/\/badgottleuba-berggiesshuebel.de\/en\/wp-json\/wp\/v2\/pages\/7027\/revisions\/9344"}],"up":[{"embeddable":true,"href":"https:\/\/badgottleuba-berggiesshuebel.de\/en\/wp-json\/wp\/v2\/pages\/6301"}],"wp:featuredmedia":[{"embeddable":true,"href":"https:\/\/badgottleuba-berggiesshuebel.de\/en\/wp-json\/wp\/v2\/media\/7534"}],"wp:attachment":[{"href":"https:\/\/badgottleuba-berggiesshuebel.de\/en\/wp-json\/wp\/v2\/media?parent=7027"}],"curies":[{"name":"wp","href":"https:\/\/api.w.org\/{rel}","templated":true}]}}