{"id":5732,"date":"2023-10-23T08:47:40","date_gmt":"2023-10-23T06:47:40","guid":{"rendered":"https:\/\/bad-gott.the-web-designer.de\/?page_id=5732"},"modified":"2024-03-13T14:27:01","modified_gmt":"2024-03-13T13:27:01","slug":"impressum","status":"publish","type":"page","link":"https:\/\/badgottleuba-berggiesshuebel.de\/en\/impressum\/","title":{"rendered":"imprint"},"content":{"rendered":"\n<p>Angaben gem\u00e4\u00df \u00a7 5 TMG:<br><br><\/p>\n\n\n\n<p>Stadtverwaltung Bad Gottleuba-Berggie\u00dfh\u00fcbel<br>K\u00f6nigstra\u00dfe 5<br>01816 Bad Gottleuba-Berggie\u00dfh\u00fcbel<\/p>\n\n\n\n<h4 class=\"wp-block-heading\">Vertreten durch:<\/h4>\n\n\n\n<p>B\u00fcrgermeister Thomas Peters<\/p>\n\n\n\n<h4 class=\"wp-block-heading\">Kontakt:<\/h4>\n\n\n\n<figure class=\"wp-block-table\"><table><tbody><tr><td>Telefon:&nbsp;&nbsp;&nbsp;&nbsp;<\/td><td>035023 52980<\/td><\/tr><tr><td>Telefax:<\/td><td>035023 52981<\/td><\/tr><tr><td>E-Mail:<\/td><td>info@badgottleuba-berggiesshuebel.de<\/td><\/tr><\/tbody><\/table><\/figure>\n\n\n\n<h4 class=\"wp-block-heading\">Registereintrag:<\/h4>\n\n\n\n<p>Eintragung im Handelsregister.<br>Registergericht: Dresden<br>Registernummer: 23441<\/p>\n\n\n\n<h4 class=\"wp-block-heading\">Umsatzsteuer-ID:<\/h4>\n\n\n\n<p>Umsatzsteuer-Identifikationsnummer gem\u00e4\u00df \u00a727 a Umsatzsteuergesetz:<br>DE 240575859<\/p>\n\n\n\n<h4 class=\"wp-block-heading\">Verantwortlich f\u00fcr den Inhalt nach \u00a7 55 Abs. 2 RStV:<\/h4>\n\n\n\n<p>Kurgesellschaft Bad Gottleuba-Berggie\u00dfh\u00fcbel mbH<\/p>\n\n\n\n<p>Talstra\u00dfe 2A, 01816 Bad Gottleuba-Berggie\u00dfh\u00fcbel<\/p>\n\n\n\n<p>Gesch\u00e4ftsf\u00fchrerin: Britt Reuter-Bracklow<\/p>\n\n\n\n<h4 class=\"wp-block-heading\">Quellenangaben f\u00fcr die verwendeten Bilder und Grafiken:<\/h4>\n\n\n\n<p>[Namen der Agenturen und der jeweiligen Fotografen]<\/p>\n\n\n\n<hr class=\"wp-block-separator has-alpha-channel-opacity\"\/>\n\n\n\n<h4 class=\"wp-block-heading\">Konzeption,&nbsp;Realisierung, technische Betreuung und Weiterentwicklung!<\/h4>\n\n\n\n<figure class=\"wp-block-image\"><a href=\"https:\/\/www.the-web-designer.de\/\"><img decoding=\"async\" src=\"https:\/\/www.the-web-designer.de\/logo-web.png\" alt=\"The Web Designer | Thomas L\u00f6bel | Onlineshops | Redaktionssysteme | Pirna\"\/><\/a><\/figure>\n\n\n\n<p>Thomas L\u00f6bel<br>The Web Designer<br>Lindenweg 1<br>01824 Rosenthal &#8211; Bielatal<\/p>\n\n\n\n<p>Mobil:&nbsp; 0172 &#8211; 910 222 5<\/p>\n\n\n\n<p><a href=\"mailto:Info@The-Web-Designer.de\">Info@The-Web-Designer.de<\/a><br><a href=\"https:\/\/www.the-web-designer.de\/\">www.The-Web-Designer.de<\/a><\/p>\n","protected":false},"excerpt":{"rendered":"<p>Angaben gem\u00e4\u00df \u00a7 5 TMG: Stadtverwaltung Bad Gottleuba-Berggie\u00dfh\u00fcbelK\u00f6nigstra\u00dfe 501816 Bad Gottleuba-Berggie\u00dfh\u00fcbel Vertreten durch: B\u00fcrgermeister Thomas Peters Kontakt: Telefon:&nbsp;&nbsp;&nbsp;&nbsp; 035023 52980 Telefax: 035023 52981 E-Mail: info@badgottleuba-berggiesshuebel.de Registereintrag: Eintragung im Handelsregister.Registergericht: DresdenRegisternummer: 23441 Umsatzsteuer-ID: Umsatzsteuer-Identifikationsnummer gem\u00e4\u00df \u00a727 a Umsatzsteuergesetz:DE 240575859 Verantwortlich f\u00fcr den Inhalt nach \u00a7 55 Abs. 2 RStV: Kurgesellschaft Bad Gottleuba-Berggie\u00dfh\u00fcbel mbH Talstra\u00dfe 2A, 01816 [&hellip;]<\/p>\n","protected":false},"author":1,"featured_media":0,"parent":0,"menu_order":0,"comment_status":"closed","ping_status":"closed","template":"","meta":{"inline_featured_image":false,"footnotes":""},"class_list":["post-5732","page","type-page","status-publish","hentry"],"_links":{"self":[{"href":"https:\/\/badgottleuba-berggiesshuebel.de\/en\/wp-json\/wp\/v2\/pages\/5732","targetHints":{"allow":["GET"]}}],"collection":[{"href":"https:\/\/badgottleuba-berggiesshuebel.de\/en\/wp-json\/wp\/v2\/pages"}],"about":[{"href":"https:\/\/badgottleuba-berggiesshuebel.de\/en\/wp-json\/wp\/v2\/types\/page"}],"author":[{"embeddable":true,"href":"https:\/\/badgottleuba-berggiesshuebel.de\/en\/wp-json\/wp\/v2\/users\/1"}],"replies":[{"embeddable":true,"href":"https:\/\/badgottleuba-berggiesshuebel.de\/en\/wp-json\/wp\/v2\/comments?post=5732"}],"version-history":[{"count":5,"href":"https:\/\/badgottleuba-berggiesshuebel.de\/en\/wp-json\/wp\/v2\/pages\/5732\/revisions"}],"predecessor-version":[{"id":8605,"href":"https:\/\/badgottleuba-berggiesshuebel.de\/en\/wp-json\/wp\/v2\/pages\/5732\/revisions\/8605"}],"wp:attachment":[{"href":"https:\/\/badgottleuba-berggiesshuebel.de\/en\/wp-json\/wp\/v2\/media?parent=5732"}],"curies":[{"name":"wp","href":"https:\/\/api.w.org\/{rel}","templated":true}]}}